{"id":402,"date":"2023-02-16T17:25:26","date_gmt":"2023-02-16T16:25:26","guid":{"rendered":"http:\/\/gbs-shipmanagement.de\/wordpress\/?page_id=402"},"modified":"2023-02-16T17:38:04","modified_gmt":"2023-02-16T16:38:04","slug":"stellenangebote","status":"publish","type":"page","link":"https:\/\/gbs-shipmanagement.de\/wordpress\/stellenangebote\/","title":{"rendered":"Stellenangebote"},"content":{"rendered":"<div  class='avia-slideshow av-le7bfpcq-dd26d869ff199545cbc6cdb7b1468dca avia-slideshow-featured av_slideshow avia-slide-slider  avia-builder-el-0  el_before_av_one_half  avia-builder-el-first  av-slideshow-ui av-control-default av-slideshow-manual av-loop-once av-loop-manual-endless av-default-height-applied avia-slideshow-1' data-slideshow-options=\"{&quot;animation&quot;:&quot;slide&quot;,&quot;autoplay&quot;:false,&quot;loop_autoplay&quot;:&quot;once&quot;,&quot;interval&quot;:5,&quot;loop_manual&quot;:&quot;manual-endless&quot;,&quot;autoplay_stopper&quot;:false,&quot;noNavigation&quot;:false,&quot;bg_slider&quot;:false,&quot;keep_padding&quot;:false,&quot;hoverpause&quot;:false,&quot;show_slide_delay&quot;:0}\"  itemprop=\"image\" itemscope=\"itemscope\" itemtype=\"https:\/\/schema.org\/ImageObject\" ><ul class='avia-slideshow-inner ' style='padding-bottom: 20.868113522538%;'><li  class='avia-slideshow-slide av-le7bfpcq-dd26d869ff199545cbc6cdb7b1468dca__0  slide-1 slide-odd'><div data-rel='slideshow-1' class='avia-slide-wrap '   ><img decoding=\"async\" class=\"wp-image-404 avia-img-lazy-loading-not-404\"  src=\"https:\/\/gbs-shipmanagement.de\/wordpress\/wp-content\/uploads\/01.jpg\" width=\"1198\" height=\"250\" title='01' alt=''  itemprop=\"thumbnailUrl\" srcset=\"https:\/\/gbs-shipmanagement.de\/wordpress\/wp-content\/uploads\/01.jpg 1198w, https:\/\/gbs-shipmanagement.de\/wordpress\/wp-content\/uploads\/01-300x63.jpg 300w, https:\/\/gbs-shipmanagement.de\/wordpress\/wp-content\/uploads\/01-1030x215.jpg 1030w, https:\/\/gbs-shipmanagement.de\/wordpress\/wp-content\/uploads\/01-768x160.jpg 768w, https:\/\/gbs-shipmanagement.de\/wordpress\/wp-content\/uploads\/01-705x147.jpg 705w\" sizes=\"(max-width: 1198px) 100vw, 1198px\" \/><\/div><\/li><li  class='avia-slideshow-slide av-le7bfpcq-dd26d869ff199545cbc6cdb7b1468dca__1  slide-2 slide-even'><div data-rel='slideshow-1' class='avia-slide-wrap '   ><img decoding=\"async\" class=\"wp-image-405 avia-img-lazy-loading-not-405\"  src=\"https:\/\/gbs-shipmanagement.de\/wordpress\/wp-content\/uploads\/02.jpg\" width=\"1200\" height=\"250\" title='02' alt=''  itemprop=\"thumbnailUrl\" srcset=\"https:\/\/gbs-shipmanagement.de\/wordpress\/wp-content\/uploads\/02.jpg 1200w, https:\/\/gbs-shipmanagement.de\/wordpress\/wp-content\/uploads\/02-300x63.jpg 300w, https:\/\/gbs-shipmanagement.de\/wordpress\/wp-content\/uploads\/02-1030x215.jpg 1030w, https:\/\/gbs-shipmanagement.de\/wordpress\/wp-content\/uploads\/02-768x160.jpg 768w, https:\/\/gbs-shipmanagement.de\/wordpress\/wp-content\/uploads\/02-705x147.jpg 705w\" sizes=\"(max-width: 1200px) 100vw, 1200px\" \/><\/div><\/li><li  class='avia-slideshow-slide av-le7bfpcq-dd26d869ff199545cbc6cdb7b1468dca__2  slide-3 slide-odd'><div data-rel='slideshow-1' class='avia-slide-wrap '   ><img decoding=\"async\" class=\"wp-image-407 avia-img-lazy-loading-not-407\"  src=\"https:\/\/gbs-shipmanagement.de\/wordpress\/wp-content\/uploads\/03.jpg\" width=\"1200\" height=\"250\" title='03' alt=''  itemprop=\"thumbnailUrl\" srcset=\"https:\/\/gbs-shipmanagement.de\/wordpress\/wp-content\/uploads\/03.jpg 1200w, https:\/\/gbs-shipmanagement.de\/wordpress\/wp-content\/uploads\/03-300x63.jpg 300w, https:\/\/gbs-shipmanagement.de\/wordpress\/wp-content\/uploads\/03-1030x215.jpg 1030w, https:\/\/gbs-shipmanagement.de\/wordpress\/wp-content\/uploads\/03-768x160.jpg 768w, https:\/\/gbs-shipmanagement.de\/wordpress\/wp-content\/uploads\/03-705x147.jpg 705w\" sizes=\"(max-width: 1200px) 100vw, 1200px\" \/><\/div><\/li><li  class='avia-slideshow-slide av-le7bfpcq-dd26d869ff199545cbc6cdb7b1468dca__3  slide-4 slide-even'><div data-rel='slideshow-1' class='avia-slide-wrap '   ><img decoding=\"async\" class=\"wp-image-408 avia-img-lazy-loading-not-408\"  src=\"https:\/\/gbs-shipmanagement.de\/wordpress\/wp-content\/uploads\/05.jpg\" width=\"1198\" height=\"250\" title='05' alt=''  itemprop=\"thumbnailUrl\" srcset=\"https:\/\/gbs-shipmanagement.de\/wordpress\/wp-content\/uploads\/05.jpg 1198w, https:\/\/gbs-shipmanagement.de\/wordpress\/wp-content\/uploads\/05-300x63.jpg 300w, https:\/\/gbs-shipmanagement.de\/wordpress\/wp-content\/uploads\/05-1030x215.jpg 1030w, https:\/\/gbs-shipmanagement.de\/wordpress\/wp-content\/uploads\/05-768x160.jpg 768w, https:\/\/gbs-shipmanagement.de\/wordpress\/wp-content\/uploads\/05-705x147.jpg 705w\" sizes=\"(max-width: 1198px) 100vw, 1198px\" \/><\/div><\/li><li  class='avia-slideshow-slide av-le7bfpcq-dd26d869ff199545cbc6cdb7b1468dca__4  slide-5 slide-odd'><div data-rel='slideshow-1' class='avia-slide-wrap '   ><img decoding=\"async\" class=\"wp-image-409 avia-img-lazy-loading-not-409\"  src=\"https:\/\/gbs-shipmanagement.de\/wordpress\/wp-content\/uploads\/07.jpg\" width=\"1198\" height=\"250\" title='07' alt=''  itemprop=\"thumbnailUrl\" srcset=\"https:\/\/gbs-shipmanagement.de\/wordpress\/wp-content\/uploads\/07.jpg 1198w, https:\/\/gbs-shipmanagement.de\/wordpress\/wp-content\/uploads\/07-300x63.jpg 300w, https:\/\/gbs-shipmanagement.de\/wordpress\/wp-content\/uploads\/07-1030x215.jpg 1030w, https:\/\/gbs-shipmanagement.de\/wordpress\/wp-content\/uploads\/07-768x160.jpg 768w, https:\/\/gbs-shipmanagement.de\/wordpress\/wp-content\/uploads\/07-705x147.jpg 705w\" sizes=\"(max-width: 1198px) 100vw, 1198px\" \/><\/div><\/li><li  class='avia-slideshow-slide av-le7bfpcq-dd26d869ff199545cbc6cdb7b1468dca__5  slide-6 slide-even'><div data-rel='slideshow-1' class='avia-slide-wrap '   ><img decoding=\"async\" class=\"wp-image-410 avia-img-lazy-loading-not-410\"  src=\"https:\/\/gbs-shipmanagement.de\/wordpress\/wp-content\/uploads\/08.jpg\" width=\"1199\" height=\"250\" title='08' alt=''  itemprop=\"thumbnailUrl\" srcset=\"https:\/\/gbs-shipmanagement.de\/wordpress\/wp-content\/uploads\/08.jpg 1199w, https:\/\/gbs-shipmanagement.de\/wordpress\/wp-content\/uploads\/08-300x63.jpg 300w, https:\/\/gbs-shipmanagement.de\/wordpress\/wp-content\/uploads\/08-1030x215.jpg 1030w, https:\/\/gbs-shipmanagement.de\/wordpress\/wp-content\/uploads\/08-768x160.jpg 768w, https:\/\/gbs-shipmanagement.de\/wordpress\/wp-content\/uploads\/08-705x147.jpg 705w\" sizes=\"(max-width: 1199px) 100vw, 1199px\" \/><\/div><\/li><li  class='avia-slideshow-slide av-le7bfpcq-dd26d869ff199545cbc6cdb7b1468dca__6  slide-7 slide-odd'><div data-rel='slideshow-1' class='avia-slide-wrap '   ><img decoding=\"async\" class=\"wp-image-411 avia-img-lazy-loading-not-411\"  src=\"https:\/\/gbs-shipmanagement.de\/wordpress\/wp-content\/uploads\/09.jpg\" width=\"1198\" height=\"250\" title='09' alt=''  itemprop=\"thumbnailUrl\" srcset=\"https:\/\/gbs-shipmanagement.de\/wordpress\/wp-content\/uploads\/09.jpg 1198w, https:\/\/gbs-shipmanagement.de\/wordpress\/wp-content\/uploads\/09-300x63.jpg 300w, https:\/\/gbs-shipmanagement.de\/wordpress\/wp-content\/uploads\/09-1030x215.jpg 1030w, https:\/\/gbs-shipmanagement.de\/wordpress\/wp-content\/uploads\/09-768x160.jpg 768w, https:\/\/gbs-shipmanagement.de\/wordpress\/wp-content\/uploads\/09-705x147.jpg 705w\" sizes=\"(max-width: 1198px) 100vw, 1198px\" \/><\/div><\/li><li  class='avia-slideshow-slide av-le7bfpcq-dd26d869ff199545cbc6cdb7b1468dca__7  slide-8 slide-even'><div data-rel='slideshow-1' class='avia-slide-wrap '   ><img decoding=\"async\" class=\"wp-image-412 avia-img-lazy-loading-not-412\"  src=\"https:\/\/gbs-shipmanagement.de\/wordpress\/wp-content\/uploads\/10.jpg\" width=\"1200\" height=\"250\" title='10' alt=''  itemprop=\"thumbnailUrl\" srcset=\"https:\/\/gbs-shipmanagement.de\/wordpress\/wp-content\/uploads\/10.jpg 1200w, https:\/\/gbs-shipmanagement.de\/wordpress\/wp-content\/uploads\/10-300x63.jpg 300w, https:\/\/gbs-shipmanagement.de\/wordpress\/wp-content\/uploads\/10-1030x215.jpg 1030w, https:\/\/gbs-shipmanagement.de\/wordpress\/wp-content\/uploads\/10-768x160.jpg 768w, https:\/\/gbs-shipmanagement.de\/wordpress\/wp-content\/uploads\/10-705x147.jpg 705w\" sizes=\"(max-width: 1200px) 100vw, 1200px\" \/><\/div><\/li><li  class='avia-slideshow-slide av-le7bfpcq-dd26d869ff199545cbc6cdb7b1468dca__8  slide-9 slide-odd'><div data-rel='slideshow-1' class='avia-slide-wrap '   ><img decoding=\"async\" class=\"wp-image-413 avia-img-lazy-loading-not-413\"  src=\"https:\/\/gbs-shipmanagement.de\/wordpress\/wp-content\/uploads\/11.jpg\" width=\"1198\" height=\"250\" title='11' alt=''  itemprop=\"thumbnailUrl\" srcset=\"https:\/\/gbs-shipmanagement.de\/wordpress\/wp-content\/uploads\/11.jpg 1198w, https:\/\/gbs-shipmanagement.de\/wordpress\/wp-content\/uploads\/11-300x63.jpg 300w, https:\/\/gbs-shipmanagement.de\/wordpress\/wp-content\/uploads\/11-1030x215.jpg 1030w, https:\/\/gbs-shipmanagement.de\/wordpress\/wp-content\/uploads\/11-768x160.jpg 768w, https:\/\/gbs-shipmanagement.de\/wordpress\/wp-content\/uploads\/11-705x147.jpg 705w\" sizes=\"(max-width: 1198px) 100vw, 1198px\" \/><\/div><\/li><li  class='avia-slideshow-slide av-le7bfpcq-dd26d869ff199545cbc6cdb7b1468dca__9  slide-10 slide-even'><div data-rel='slideshow-1' class='avia-slide-wrap '   ><img decoding=\"async\" class=\"wp-image-414 avia-img-lazy-loading-not-414\"  src=\"https:\/\/gbs-shipmanagement.de\/wordpress\/wp-content\/uploads\/12.jpg\" width=\"1184\" height=\"250\" title='12' alt=''  itemprop=\"thumbnailUrl\" srcset=\"https:\/\/gbs-shipmanagement.de\/wordpress\/wp-content\/uploads\/12.jpg 1184w, https:\/\/gbs-shipmanagement.de\/wordpress\/wp-content\/uploads\/12-300x63.jpg 300w, https:\/\/gbs-shipmanagement.de\/wordpress\/wp-content\/uploads\/12-1030x217.jpg 1030w, https:\/\/gbs-shipmanagement.de\/wordpress\/wp-content\/uploads\/12-768x162.jpg 768w, https:\/\/gbs-shipmanagement.de\/wordpress\/wp-content\/uploads\/12-705x149.jpg 705w\" sizes=\"(max-width: 1184px) 100vw, 1184px\" \/><\/div><\/li><\/ul><div class='avia-slideshow-arrows avia-slideshow-controls' ><a href='#prev' class='prev-slide ' aria-hidden='true' data-av_icon='\ue87c' data-av_iconfont='entypo-fontello'  tabindex='-1'>Zur\u00fcck<\/a><a href='#next' class='next-slide ' aria-hidden='true' data-av_icon='\ue87d' data-av_iconfont='entypo-fontello'  tabindex='-1'>Weiter<\/a><\/div><div class='avia-slideshow-dots avia-slideshow-controls'><a href='#1' class='goto-slide active' >1<\/a><a href='#2' class='goto-slide ' >2<\/a><a href='#3' class='goto-slide ' >3<\/a><a href='#4' class='goto-slide ' >4<\/a><a href='#5' class='goto-slide ' >5<\/a><a href='#6' class='goto-slide ' >6<\/a><a href='#7' class='goto-slide ' >7<\/a><a href='#8' class='goto-slide ' >8<\/a><a href='#9' class='goto-slide ' >9<\/a><a href='#10' class='goto-slide ' >10<\/a><\/div><\/div>\n<div class='flex_column av-gq5s2-05d2ff74293b277849ec8fdd801f1a1d av_one_half  avia-builder-el-1  el_after_av_slideshow  el_before_av_one_half  first flex_column_div '     ><section  class='av_textblock_section av-7hj8q-59a20cced206e658498c13a4ccb4560a'  itemscope=\"itemscope\" itemtype=\"https:\/\/schema.org\/CreativeWork\" ><div class='avia_textblock'  itemprop=\"text\" ><p>Wenn derzeit keine Stelle verf\u00fcgbar ist, die Ihren Erfahrungen, Interessen bzw. W\u00fcnschen entspricht, freuen wir uns dennoch \u00fcber Ihre Initiativbewerbung.<br \/>\nSenden Sie uns einfach Ihre Bewerbungsunterlagen.<\/p>\n<\/div><\/section><\/div><div class='flex_column av-6naia-c535709325f627cc778aeb1982fc1c93 av_one_half  avia-builder-el-3  el_after_av_one_half  avia-builder-el-last  flex_column_div '     ><div  class='avia-button-wrap av-le7bkmga-33085df9e40338f034fd6fd3b7d0240c-wrap avia-button-center  avia-builder-el-4  avia-builder-el-no-sibling '><a href='https:\/\/gbs-shipmanagement.de\/wordpress\/contact\/'  class='avia-button av-le7bkmga-33085df9e40338f034fd6fd3b7d0240c avia-icon_select-yes-left-icon avia-size-small avia-position-center avia-color-theme-color'  ><span class='avia_button_icon avia_button_icon_left' aria-hidden='true' data-av_icon='\ue805' data-av_iconfont='entypo-fontello'><\/span><span class='avia_iconbox_title' >Kontaktformular<\/span><\/a><\/div><\/div><\/p>\n","protected":false},"excerpt":{"rendered":"","protected":false},"author":1,"featured_media":0,"parent":0,"menu_order":0,"comment_status":"closed","ping_status":"closed","template":"","meta":{"footnotes":""},"class_list":["post-402","page","type-page","status-publish","hentry"],"_links":{"self":[{"href":"https:\/\/gbs-shipmanagement.de\/wordpress\/wp-json\/wp\/v2\/pages\/402","targetHints":{"allow":["GET"]}}],"collection":[{"href":"https:\/\/gbs-shipmanagement.de\/wordpress\/wp-json\/wp\/v2\/pages"}],"about":[{"href":"https:\/\/gbs-shipmanagement.de\/wordpress\/wp-json\/wp\/v2\/types\/page"}],"author":[{"embeddable":true,"href":"https:\/\/gbs-shipmanagement.de\/wordpress\/wp-json\/wp\/v2\/users\/1"}],"replies":[{"embeddable":true,"href":"https:\/\/gbs-shipmanagement.de\/wordpress\/wp-json\/wp\/v2\/comments?post=402"}],"version-history":[{"count":9,"href":"https:\/\/gbs-shipmanagement.de\/wordpress\/wp-json\/wp\/v2\/pages\/402\/revisions"}],"predecessor-version":[{"id":421,"href":"https:\/\/gbs-shipmanagement.de\/wordpress\/wp-json\/wp\/v2\/pages\/402\/revisions\/421"}],"wp:attachment":[{"href":"https:\/\/gbs-shipmanagement.de\/wordpress\/wp-json\/wp\/v2\/media?parent=402"}],"curies":[{"name":"wp","href":"https:\/\/api.w.org\/{rel}","templated":true}]}}